{"id":4527,"date":"2023-01-04T15:41:06","date_gmt":"2023-01-04T15:41:06","guid":{"rendered":"https:\/\/www.freiraum-diepraxis.de\/cms\/?page_id=4527"},"modified":"2023-01-05T09:53:21","modified_gmt":"2023-01-05T09:53:21","slug":"umgang-mit-aerger-und-aggression","status":"publish","type":"page","link":"https:\/\/www.freiraum-diepraxis.de\/cms\/umgang-mit-aerger-und-aggression\/","title":{"rendered":"Umgang mit \u00c4rger und Aggression"},"content":{"rendered":"<section class=\"wpb-content-wrapper\"><p>[vc_row full_width=&#8220;stretch_row&#8220; parallax=&#8220;yes&#8220; el_class=&#8220;no-margin-top&#8220; css=&#8220;.vc_custom_1444739247548{padding-top: 250px !important;padding-bottom: 250px !important;background-image: url(http:\/\/freiraum-diepraxis.de\/cms\/wp-content\/uploads\/2015\/10\/workshops.jpg?id=4113) !important;}&#8220;][vc_column][vc_column_text]<\/p>\n<h1 style=\"text-align: center;\"><\/h1>\n<p>[\/vc_column_text][\/vc_column][\/vc_row][vc_row css=&#8220;.vc_custom_1437743055736{margin-bottom: 0px !important;padding-top: 20px !important;padding-bottom: 20px !important;}&#8220;][vc_column width=&#8220;1\/4&#8243;][vc_column_text]<\/p>\n<p style=\"font-weight: 400;\">Umgang mit \u00c4rger und Aggression<\/p>\n<p>[\/vc_column_text][\/vc_column][vc_column width=&#8220;3\/4&#8243;][vc_column_text]<\/p>\n<p style=\"font-weight: 400;\">Wohin mit \u00c4rger und Wut? Wenn Sie mit dieser Frage besch\u00e4ftigt sind \u2013 beruflich in einem Team, einer Pflegeeinrichtung oder in der Jugendarbeit, pers\u00f6nlich in Ihrer Rolle als Mutter oder Vater, als Mann oder Frau \u2013 dann k\u00f6nnen Sie sich mit Ihrer Wahrnehmung und Haltung zu \u00c4rger und Wut auseinander setzen. Denn Aggression ist Lebenskraft. Ich kann sie positiv nutzen.\u00a0F\u00f6rderlich ist die Haltung, bei aufkommendem \u00c4rger einen kleinen Schritt nach vorn zu wagen, statt auf R\u00fcckzug zusetzen.<\/p>\n<p style=\"font-weight: 400;\">In Einzelberatung und Gruppenarbeit gebe ich fachliche Impulse, Anregungen und lebenspraktische Orientierungen f\u00fcr einen konstruktiven Umgang mit \u00c4rger, Wut und Mobbing. Sie erleben Aggression als Lebensenergie im Unterschied zu Gewalt.<\/p>\n<p><a href=\"https:\/\/www.freiraum-diepraxis.de\/cms\/workshops\/\">Zur\u00fcck zu Workshops<\/a>[\/vc_column_text][\/vc_column][\/vc_row]<\/p>\n<\/section>","protected":false},"excerpt":{"rendered":"<p>[vc_row full_width=&#8220;stretch_row&#8220; parallax=&#8220;yes&#8220; el_class=&#8220;no-margin-top&#8220; css=&#8220;.vc_custom_1444739247548{padding-top: 250px !important;padding-bottom: 250px !important;background-image: url(http:\/\/freiraum-diepraxis.de\/cms\/wp-content\/uploads\/2015\/10\/workshops.jpg?id=4113) !important;}&#8220;][vc_column][vc_column_text] [\/vc_column_text][\/vc_column][\/vc_row][vc_row css=&#8220;.vc_custom_1437743055736{margin-bottom: 0px !important;padding-top: 20px !important;padding-bottom: 20px !important;}&#8220;][vc_column width=&#8220;1\/4&#8243;][vc_column_text] Umgang mit \u00c4rger und Aggression [\/vc_column_text][\/vc_column][vc_column width=&#8220;3\/4&#8243;][vc_column_text] Wohin mit \u00c4rger und Wut? Wenn Sie mit dieser Frage besch\u00e4ftigt sind \u2013 beruflich in einem Team, einer Pflegeeinrichtung oder in der Jugendarbeit, pers\u00f6nlich in Ihrer Rolle als [&hellip;]<\/p>\n","protected":false},"author":1,"featured_media":0,"parent":0,"menu_order":0,"comment_status":"closed","ping_status":"closed","template":"","meta":[],"_links":{"self":[{"href":"https:\/\/www.freiraum-diepraxis.de\/cms\/wp-json\/wp\/v2\/pages\/4527"}],"collection":[{"href":"https:\/\/www.freiraum-diepraxis.de\/cms\/wp-json\/wp\/v2\/pages"}],"about":[{"href":"https:\/\/www.freiraum-diepraxis.de\/cms\/wp-json\/wp\/v2\/types\/page"}],"author":[{"embeddable":true,"href":"https:\/\/www.freiraum-diepraxis.de\/cms\/wp-json\/wp\/v2\/users\/1"}],"replies":[{"embeddable":true,"href":"https:\/\/www.freiraum-diepraxis.de\/cms\/wp-json\/wp\/v2\/comments?post=4527"}],"version-history":[{"count":3,"href":"https:\/\/www.freiraum-diepraxis.de\/cms\/wp-json\/wp\/v2\/pages\/4527\/revisions"}],"predecessor-version":[{"id":4552,"href":"https:\/\/www.freiraum-diepraxis.de\/cms\/wp-json\/wp\/v2\/pages\/4527\/revisions\/4552"}],"wp:attachment":[{"href":"https:\/\/www.freiraum-diepraxis.de\/cms\/wp-json\/wp\/v2\/media?parent=4527"}],"curies":[{"name":"wp","href":"https:\/\/api.w.org\/{rel}","templated":true}]}}