{"id":4441,"date":"2020-01-15T18:30:48","date_gmt":"2020-01-15T18:30:48","guid":{"rendered":"https:\/\/www.freiraum-diepraxis.de\/cms\/?page_id=4441"},"modified":"2023-01-06T06:50:57","modified_gmt":"2023-01-06T06:50:57","slug":"online-beratungs-projekte","status":"publish","type":"page","link":"https:\/\/www.freiraum-diepraxis.de\/cms\/online-beratungs-projekte\/","title":{"rendered":"Online-Beratungs-Projekte"},"content":{"rendered":"<section class=\"wpb-content-wrapper\"><p>[vc_row full_width=&#8220;stretch_row&#8220; parallax=&#8220;yes&#8220; el_class=&#8220;no-margin-top&#8220; css=&#8220;.vc_custom_1445001986539{padding-top: 250px !important;padding-bottom: 250px !important;background-image: url(http:\/\/www.freiraum-diepraxis.de\/cms\/wp-content\/uploads\/2015\/10\/netzwerk-header.jpg?id=4309) !important;}&#8220;][vc_column][vc_column_text]<\/p>\n<h1 style=\"text-align: center;\"><\/h1>\n<p>[\/vc_column_text][\/vc_column][\/vc_row][vc_row css=&#8220;.vc_custom_1437743055736{margin-bottom: 0px !important;padding-top: 20px !important;padding-bottom: 20px !important;}&#8220;][vc_column width=&#8220;1\/4&#8243;][vc_column_text]<\/p>\n<h1>Online-Beratungs-Projekte<\/h1>\n<p>[\/vc_column_text][\/vc_column][vc_column width=&#8220;3\/4&#8243;][vc_empty_space height=&#8220;15px&#8220;][vc_column_text]Die Digitalisierung der Lebensbereiche und in den letzten Jahren die Kontakteinschr\u00e4nkungen durch Corona stellen Beratung und Seelsorge vor die Aufgabe, die neuen Kommunikationsm\u00f6glichkeiten auf ihren Nutzen f\u00fcr ihren speziellen Kontext hin zu pr\u00fcfen. Inzwischen gibt es Erfahrungen mit Video-Beratungs-Settings, Online-Therapie-Konzepten, Mail- und Chatberatung u.a. bei der TelefonSeelsorge, in kirchlichen Sorgenportalen und mit wissenschaftlich begleiteten Suizidpr\u00e4ventions-Programmen.<br \/>\nAm Beispiel des Projekts \u201eKlinikseelsorge+\u201c skizziere ich die M\u00f6glichkeiten, Beratung und Seelsorge Face-to-Face und im Online-Setting miteinander zu verbinden (blended spiritutal care).<br \/>\nIn einer Metapher ausgedr\u00fcckt geht es um Gastfreundschaft, die R\u00e4ume anbietet f\u00fcr die Begegnung face-to-face und in einen Raum einl\u00e4dt, in dem Ratsuchende und Beratende im Online-Setting extra gesch\u00fctzt und datensicher kommunizieren k\u00f6nnen. Mehr dazu finden Sie in: Werner Greulich, <a href=\"https:\/\/www.freiraum-diepraxis.de\/cms\/wp-content\/uploads\/2023\/01\/Auf-die-Begegnung-kommt-es-an.pdf\">Auf die Begegnung kommt es an<\/a>\u00a0Klinikseelsorge und Soziale Medien. In: Wege zum Menschen &#8211; Zeitschrift f\u00fcr Seelsorge und Beratung, heilendes und soziales Handeln, 72. Jahrgang. Heft 3 (2020), 229 &#8211; 243.<\/p>\n<p>Aktuell biete ich an:<\/p>\n<ul>\n<li>Projektentwicklung zur passgenauen Implementierung von Online-Beratungs-Angeboten in Beratungseinrichtungen und Kliniken entsprechend den Kriterien der Deutschsprachigen Gesellschaft f\u00fcr psycho-soziale Online-Beratung (DGOB).<\/li>\n<li>Ausbildungsworkshops f\u00fcr die Mailberatung mit einer Einf\u00fchrung in den speziellen fachlichen Rahmen der Online-Beratung, dem Training von Kommunikationsmodellen und Beratungsf\u00e4higkeiten im Online-Setting und einer Begleitung der Praxiserfahrungen durch Supervision.<\/li>\n<\/ul>\n<p>Weitere Informationen zu Konzepten und Ausbildungs-Workshops gebe ich auf Anfrage.[\/vc_column_text][\/vc_column][\/vc_row][vc_row][vc_column][vc_column_text]<\/p>\n<p>[\/vc_column_text][\/vc_column][\/vc_row][vc_row][vc_column][\/vc_column][\/vc_row]<\/p>\n<\/section>","protected":false},"excerpt":{"rendered":"<p>[vc_row full_width=&#8220;stretch_row&#8220; parallax=&#8220;yes&#8220; el_class=&#8220;no-margin-top&#8220; css=&#8220;.vc_custom_1445001986539{padding-top: 250px !important;padding-bottom: 250px !important;background-image: url(http:\/\/www.freiraum-diepraxis.de\/cms\/wp-content\/uploads\/2015\/10\/netzwerk-header.jpg?id=4309) !important;}&#8220;][vc_column][vc_column_text] [\/vc_column_text][\/vc_column][\/vc_row][vc_row css=&#8220;.vc_custom_1437743055736{margin-bottom: 0px !important;padding-top: 20px !important;padding-bottom: 20px !important;}&#8220;][vc_column width=&#8220;1\/4&#8243;][vc_column_text] Online-Beratungs-Projekte [\/vc_column_text][\/vc_column][vc_column width=&#8220;3\/4&#8243;][vc_empty_space height=&#8220;15px&#8220;][vc_column_text]Die Digitalisierung der Lebensbereiche und in den letzten Jahren die Kontakteinschr\u00e4nkungen durch Corona stellen Beratung und Seelsorge vor die Aufgabe, die neuen Kommunikationsm\u00f6glichkeiten auf ihren Nutzen f\u00fcr ihren speziellen Kontext hin zu [&hellip;]<\/p>\n","protected":false},"author":1,"featured_media":0,"parent":0,"menu_order":0,"comment_status":"closed","ping_status":"closed","template":"","meta":[],"_links":{"self":[{"href":"https:\/\/www.freiraum-diepraxis.de\/cms\/wp-json\/wp\/v2\/pages\/4441"}],"collection":[{"href":"https:\/\/www.freiraum-diepraxis.de\/cms\/wp-json\/wp\/v2\/pages"}],"about":[{"href":"https:\/\/www.freiraum-diepraxis.de\/cms\/wp-json\/wp\/v2\/types\/page"}],"author":[{"embeddable":true,"href":"https:\/\/www.freiraum-diepraxis.de\/cms\/wp-json\/wp\/v2\/users\/1"}],"replies":[{"embeddable":true,"href":"https:\/\/www.freiraum-diepraxis.de\/cms\/wp-json\/wp\/v2\/comments?post=4441"}],"version-history":[{"count":9,"href":"https:\/\/www.freiraum-diepraxis.de\/cms\/wp-json\/wp\/v2\/pages\/4441\/revisions"}],"predecessor-version":[{"id":4563,"href":"https:\/\/www.freiraum-diepraxis.de\/cms\/wp-json\/wp\/v2\/pages\/4441\/revisions\/4563"}],"wp:attachment":[{"href":"https:\/\/www.freiraum-diepraxis.de\/cms\/wp-json\/wp\/v2\/media?parent=4441"}],"curies":[{"name":"wp","href":"https:\/\/api.w.org\/{rel}","templated":true}]}}