{"id":4237,"date":"2015-10-14T17:29:43","date_gmt":"2015-10-14T17:29:43","guid":{"rendered":"http:\/\/www.freiraum-diepraxis.de\/cms\/?page_id=4237"},"modified":"2023-01-05T11:32:09","modified_gmt":"2023-01-05T11:32:09","slug":"kooperationen","status":"publish","type":"page","link":"https:\/\/www.freiraum-diepraxis.de\/cms\/kooperationen\/","title":{"rendered":"Kooperationen"},"content":{"rendered":"<section class=\"wpb-content-wrapper\"><p>[vc_row full_width=&#8220;stretch_row&#8220; parallax=&#8220;yes&#8220; el_class=&#8220;no-margin-top&#8220; css=&#8220;.vc_custom_1444994913406{padding-top: 250px !important;padding-bottom: 250px !important;background-image: url(http:\/\/www.freiraum-diepraxis.de\/cms\/wp-content\/uploads\/2015\/10\/willkommen-header.jpg?id=4274) !important;}&#8220;][vc_column][vc_column_text]<\/p>\n<h1 style=\"text-align: center;\"><\/h1>\n<p>[\/vc_column_text][\/vc_column][\/vc_row][vc_row css=&#8220;.vc_custom_1437743055736{margin-bottom: 0px !important;padding-top: 20px !important;padding-bottom: 20px !important;}&#8220;][vc_column width=&#8220;1\/4&#8243;][vc_column_text]<\/p>\n<h1>Kooperationen<\/h1>\n<p>[\/vc_column_text][\/vc_column][vc_column width=&#8220;3\/4&#8243;][vc_column_text css=&#8220;.vc_custom_1672918327262{padding-bottom: 200px !important;}&#8220;]<img decoding=\"async\" loading=\"lazy\" class=\"alignnone size-full wp-image-4449\" src=\"https:\/\/www.freiraum-diepraxis.de\/cms\/wp-content\/uploads\/2020\/01\/apostolos-palavrakis.jpg\" alt=\"\" width=\"200\" height=\"139\" srcset=\"https:\/\/www.freiraum-diepraxis.de\/cms\/wp-content\/uploads\/2020\/01\/apostolos-palavrakis.jpg 400w, https:\/\/www.freiraum-diepraxis.de\/cms\/wp-content\/uploads\/2020\/01\/apostolos-palavrakis-300x209.jpg 300w, https:\/\/www.freiraum-diepraxis.de\/cms\/wp-content\/uploads\/2020\/01\/apostolos-palavrakis-100x70.jpg 100w\" sizes=\"(max-width: 200px) 100vw, 200px\" \/><br \/>\nApostolos Palavrakis, K\u00fcnstler<br \/>\nAtelier: G\u00fcntherstr. 65, 44143 Dortmund<br \/>\nGalerie: <a href=\"http:\/\/www.beck-eggeling.de\/de\/kunstler\/apostolos-palavrakis\/\" target=\"_blank\" rel=\"noopener noreferrer\">Beck &amp; Eggeling<\/a><\/p>\n<p>&nbsp;<\/p>\n<p><img decoding=\"async\" loading=\"lazy\" class=\"alignnone size-full wp-image-4450\" src=\"https:\/\/www.freiraum-diepraxis.de\/cms\/wp-content\/uploads\/2020\/01\/pixelfrei.jpg\" alt=\"\" width=\"200\" height=\"34\" srcset=\"https:\/\/www.freiraum-diepraxis.de\/cms\/wp-content\/uploads\/2020\/01\/pixelfrei.jpg 400w, https:\/\/www.freiraum-diepraxis.de\/cms\/wp-content\/uploads\/2020\/01\/pixelfrei-300x51.jpg 300w\" sizes=\"(max-width: 200px) 100vw, 200px\" \/><br \/>\nPIXELFREI<br \/>\nBr\u00fcckstr. 52, 44135 Dortmund \u00a0<a href=\"https:\/\/www.pixelfrei.com\" target=\"_blank\" rel=\"noopener noreferrer\">www.pixelfrei.com<\/a><\/p>\n<p>&nbsp;<\/p>\n<p><img decoding=\"async\" loading=\"lazy\" class=\"alignnone size-full wp-image-4451\" src=\"https:\/\/www.freiraum-diepraxis.de\/cms\/wp-content\/uploads\/2020\/01\/Hospizdienst-herne.jpg\" alt=\"\" width=\"200\" height=\"52\" srcset=\"https:\/\/www.freiraum-diepraxis.de\/cms\/wp-content\/uploads\/2020\/01\/Hospizdienst-herne.jpg 400w, https:\/\/www.freiraum-diepraxis.de\/cms\/wp-content\/uploads\/2020\/01\/Hospizdienst-herne-300x78.jpg 300w\" sizes=\"(max-width: 200px) 100vw, 200px\" \/><br \/>\nBahnhofstr. 137, 44623 Herne \u00a0<a href=\"http:\/\/www.ahpd-herne.de\" target=\"_blank\" rel=\"noopener noreferrer\">www.ahpd-herne.de<\/a><\/p>\n<p>&nbsp;<\/p>\n<p><img decoding=\"async\" loading=\"lazy\" class=\"alignnone size-full wp-image-4453\" src=\"https:\/\/www.freiraum-diepraxis.de\/cms\/wp-content\/uploads\/2020\/01\/krisenzentrum-dortmund.jpg\" alt=\"\" width=\"200\" height=\"60\" srcset=\"https:\/\/www.freiraum-diepraxis.de\/cms\/wp-content\/uploads\/2020\/01\/krisenzentrum-dortmund.jpg 400w, https:\/\/www.freiraum-diepraxis.de\/cms\/wp-content\/uploads\/2020\/01\/krisenzentrum-dortmund-300x89.jpg 300w\" sizes=\"(max-width: 200px) 100vw, 200px\" \/><\/p>\n<p><a href=\"https:\/\/www.krisenzentrum-dortmund.de\">www.krisenzentrum-dortmund.de<\/a><\/p>\n<p>&nbsp;<\/p>\n<p><img decoding=\"async\" loading=\"lazy\" class=\"alignnone size-full wp-image-4455\" src=\"https:\/\/www.freiraum-diepraxis.de\/cms\/wp-content\/uploads\/2020\/01\/telefonseelsorge.jpg\" alt=\"\" width=\"200\" height=\"87\" \/><br \/>\nTelefonSeelsorge Dortmund<br \/>\n<a href=\"http:\/\/www.telefonseelsorge-dortmund.de\" target=\"_blank\" rel=\"noopener noreferrer\">www.telefonseelsorge-dortmund.de<\/a><\/p>\n<p>&nbsp;<\/p>\n<p><img decoding=\"async\" loading=\"lazy\" class=\"alignnone size-full wp-image-4456\" src=\"https:\/\/www.freiraum-diepraxis.de\/cms\/wp-content\/uploads\/2020\/01\/stefan-k\u00fchne.jpg\" alt=\"\" width=\"200\" height=\"47\" srcset=\"https:\/\/www.freiraum-diepraxis.de\/cms\/wp-content\/uploads\/2020\/01\/stefan-k\u00fchne.jpg 400w, https:\/\/www.freiraum-diepraxis.de\/cms\/wp-content\/uploads\/2020\/01\/stefan-k\u00fchne-300x71.jpg 300w\" sizes=\"(max-width: 200px) 100vw, 200px\" \/><br \/>\nwienXtra<br \/>\n<a href=\"http:\/\/www.stefankuehne.net\">www.stefankuehne.net<\/a><\/p>\n<p>&nbsp;<\/p>\n<p><img decoding=\"async\" loading=\"lazy\" class=\"alignnone size-full wp-image-4458\" src=\"https:\/\/www.freiraum-diepraxis.de\/cms\/wp-content\/uploads\/2020\/01\/ico.jpg\" alt=\"\" width=\"200\" height=\"70\" srcset=\"https:\/\/www.freiraum-diepraxis.de\/cms\/wp-content\/uploads\/2020\/01\/ico.jpg 400w, https:\/\/www.freiraum-diepraxis.de\/cms\/wp-content\/uploads\/2020\/01\/ico-300x104.jpg 300w\" sizes=\"(max-width: 200px) 100vw, 200px\" \/><br \/>\nKommende Dortmund<br \/>\nSozialinstitut des Erzbistums Paderborn<br \/>\n<a href=\"https:\/\/www.i-c-o.org\">www.i-c-o.org<\/a><\/p>\n<p>&nbsp;<\/p>\n<p><img decoding=\"async\" loading=\"lazy\" class=\"alignnone size-full wp-image-4459\" src=\"https:\/\/www.freiraum-diepraxis.de\/cms\/wp-content\/uploads\/2020\/01\/caritas.png\" alt=\"\" width=\"95\" height=\"125\" \/><br \/>\nCaritasverband f\u00fcr d\u00ede Di\u00f6zese M\u00fcnster<br \/>\n<a href=\"http:\/\/www.caritas-muenster.de\/\">www.caritas-muenster.de<\/a><\/p>\n<p>&nbsp;<\/p>\n<p><img decoding=\"async\" loading=\"lazy\" class=\"alignnone size-full wp-image-4452\" src=\"https:\/\/www.freiraum-diepraxis.de\/cms\/wp-content\/uploads\/2020\/01\/vestische-caritas-kliniken.jpg\" alt=\"\" width=\"200\" height=\"44\" srcset=\"https:\/\/www.freiraum-diepraxis.de\/cms\/wp-content\/uploads\/2020\/01\/vestische-caritas-kliniken.jpg 400w, https:\/\/www.freiraum-diepraxis.de\/cms\/wp-content\/uploads\/2020\/01\/vestische-caritas-kliniken-300x65.jpg 300w\" sizes=\"(max-width: 200px) 100vw, 200px\" \/><br \/>\nKlinik f\u00fcr Psychiatrie &#8211; St.-Laurentius-Stift Waltrop<br \/>\n<a href=\"https:\/\/www.laurentius-stift.de\">www.laurentius-stift.de<\/a><\/p>\n<p>&nbsp;<\/p>\n<p><img decoding=\"async\" loading=\"lazy\" class=\"alignnone size-full wp-image-4461\" src=\"https:\/\/www.freiraum-diepraxis.de\/cms\/wp-content\/uploads\/2020\/01\/kinder-hospiz.jpg\" alt=\"\" width=\"94\" height=\"135\" \/><br \/>\n<a href=\"http:\/\/www.deutscher-kinderhospizverein.de\">www.deutscher-kinderhospizverein.de<\/a><\/p>\n<p>&nbsp;<\/p>\n<p><a href=\"https:\/\/www.ehefamilieleben.de\"><img decoding=\"async\" loading=\"lazy\" class=\"alignnone wp-image-4553\" src=\"https:\/\/www.freiraum-diepraxis.de\/cms\/wp-content\/uploads\/2023\/01\/BM_Beratung_EheFamilieLeben.png\" alt=\"\" width=\"200\" height=\"87\" srcset=\"https:\/\/www.freiraum-diepraxis.de\/cms\/wp-content\/uploads\/2023\/01\/BM_Beratung_EheFamilieLeben.png 400w, https:\/\/www.freiraum-diepraxis.de\/cms\/wp-content\/uploads\/2023\/01\/BM_Beratung_EheFamilieLeben-300x131.png 300w\" sizes=\"(max-width: 200px) 100vw, 200px\" \/><\/a><a href=\"https:\/\/www.ehefamilieleben.de\" target=\"_blank\" rel=\"noopener\"><br \/>\nwww.ehefamilieleben.de<\/a><\/p>\n<p>&nbsp;<\/p>\n<p><img decoding=\"async\" loading=\"lazy\" class=\"alignnone size-full wp-image-4459\" src=\"https:\/\/www.freiraum-diepraxis.de\/cms\/wp-content\/uploads\/2020\/01\/caritas.png\" alt=\"\" width=\"95\" height=\"125\" \/><br \/>\nCaritasverband Wuppertal\/Solingen e.V.<br \/>\nAmbulante Hospizdienste<br \/>\n<a href=\"https:\/\/www.caritas-wsg.de\" target=\"_blank\" rel=\"noopener\">www.caritas-wsg.de<\/a><\/p>\n<p>&nbsp;<\/p>\n<p><img decoding=\"async\" loading=\"lazy\" class=\"alignnone wp-image-4554\" src=\"https:\/\/www.freiraum-diepraxis.de\/cms\/wp-content\/uploads\/2023\/01\/Jugendamt-der-Stadt-Waltrop.jpg\" alt=\"\" width=\"124\" height=\"97\" srcset=\"https:\/\/www.freiraum-diepraxis.de\/cms\/wp-content\/uploads\/2023\/01\/Jugendamt-der-Stadt-Waltrop.jpg 485w, https:\/\/www.freiraum-diepraxis.de\/cms\/wp-content\/uploads\/2023\/01\/Jugendamt-der-Stadt-Waltrop-300x234.jpg 300w\" sizes=\"(max-width: 124px) 100vw, 124px\" \/><br \/>\nJugendamt der Stadt Waltrop<br \/>\n<a href=\"https:\/\/waltrop.de\/inhalte\/buergerinfo\" target=\"_blank\" rel=\"noopener\">waltrop.de\/inhalte\/buergerinfo<\/a><\/p>\n<p>&nbsp;<\/p>\n<p><img decoding=\"async\" loading=\"lazy\" class=\"alignnone wp-image-4555\" src=\"https:\/\/www.freiraum-diepraxis.de\/cms\/wp-content\/uploads\/2023\/01\/Gasthaus.png\" alt=\"\" width=\"147\" height=\"125\" \/><br \/>\nGasthaus\/Gastkirche Recklinghausen.<br \/>\nTrauerbegleitung<br \/>\n<a href=\"https:\/\/www.gastkirche.de\" target=\"_blank\" rel=\"noopener\">www.gastkirche.de<\/a>[\/vc_column_text][\/vc_column][\/vc_row]<\/p>\n<\/section>","protected":false},"excerpt":{"rendered":"<p>[vc_row full_width=&#8220;stretch_row&#8220; parallax=&#8220;yes&#8220; el_class=&#8220;no-margin-top&#8220; css=&#8220;.vc_custom_1444994913406{padding-top: 250px !important;padding-bottom: 250px !important;background-image: url(http:\/\/www.freiraum-diepraxis.de\/cms\/wp-content\/uploads\/2015\/10\/willkommen-header.jpg?id=4274) !important;}&#8220;][vc_column][vc_column_text] [\/vc_column_text][\/vc_column][\/vc_row][vc_row css=&#8220;.vc_custom_1437743055736{margin-bottom: 0px !important;padding-top: 20px !important;padding-bottom: 20px !important;}&#8220;][vc_column width=&#8220;1\/4&#8243;][vc_column_text] Kooperationen [\/vc_column_text][\/vc_column][vc_column width=&#8220;3\/4&#8243;][vc_column_text css=&#8220;.vc_custom_1672918327262{padding-bottom: 200px !important;}&#8220;] Apostolos Palavrakis, K\u00fcnstler Atelier: G\u00fcntherstr. 65, 44143 Dortmund Galerie: Beck &amp; Eggeling &nbsp; PIXELFREI Br\u00fcckstr. 52, 44135 Dortmund \u00a0www.pixelfrei.com &nbsp; Bahnhofstr. 137, 44623 Herne \u00a0www.ahpd-herne.de &nbsp; www.krisenzentrum-dortmund.de &nbsp; TelefonSeelsorge [&hellip;]<\/p>\n","protected":false},"author":1,"featured_media":0,"parent":0,"menu_order":0,"comment_status":"closed","ping_status":"closed","template":"","meta":[],"_links":{"self":[{"href":"https:\/\/www.freiraum-diepraxis.de\/cms\/wp-json\/wp\/v2\/pages\/4237"}],"collection":[{"href":"https:\/\/www.freiraum-diepraxis.de\/cms\/wp-json\/wp\/v2\/pages"}],"about":[{"href":"https:\/\/www.freiraum-diepraxis.de\/cms\/wp-json\/wp\/v2\/types\/page"}],"author":[{"embeddable":true,"href":"https:\/\/www.freiraum-diepraxis.de\/cms\/wp-json\/wp\/v2\/users\/1"}],"replies":[{"embeddable":true,"href":"https:\/\/www.freiraum-diepraxis.de\/cms\/wp-json\/wp\/v2\/comments?post=4237"}],"version-history":[{"count":37,"href":"https:\/\/www.freiraum-diepraxis.de\/cms\/wp-json\/wp\/v2\/pages\/4237\/revisions"}],"predecessor-version":[{"id":4558,"href":"https:\/\/www.freiraum-diepraxis.de\/cms\/wp-json\/wp\/v2\/pages\/4237\/revisions\/4558"}],"wp:attachment":[{"href":"https:\/\/www.freiraum-diepraxis.de\/cms\/wp-json\/wp\/v2\/media?parent=4237"}],"curies":[{"name":"wp","href":"https:\/\/api.w.org\/{rel}","templated":true}]}}