{"id":4214,"date":"2015-10-14T10:34:24","date_gmt":"2015-10-14T10:34:24","guid":{"rendered":"http:\/\/www.freiraum-diepraxis.de\/cms\/?page_id=4214"},"modified":"2018-12-18T11:01:04","modified_gmt":"2018-12-18T11:01:04","slug":"pastoralpsychologie","status":"publish","type":"page","link":"https:\/\/www.freiraum-diepraxis.de\/cms\/pastoralpsychologie\/","title":{"rendered":"Pastoralpsychologie"},"content":{"rendered":"<section class=\"wpb-content-wrapper\"><p>[vc_row full_width=&#8220;stretch_row&#8220; parallax=&#8220;yes&#8220; el_class=&#8220;no-margin-top&#8220; css=&#8220;.vc_custom_1444994517565{padding-top: 250px !important;padding-bottom: 250px !important;background-image: url(http:\/\/www.freiraum-diepraxis.de\/cms\/wp-content\/uploads\/2015\/10\/willkommen-header.jpg?id=4274) !important;}&#8220;][vc_column][vc_column_text]<\/p>\n<h1 style=\"text-align: center;\"><\/h1>\n<p>[\/vc_column_text][\/vc_column][\/vc_row][vc_row css=&#8220;.vc_custom_1437743055736{margin-bottom: 0px !important;padding-top: 20px !important;padding-bottom: 20px !important;}&#8220;][vc_column width=&#8220;1\/4&#8243;][vc_column_text]<\/p>\n<h1>Pastoral-<br \/>\npsychologie<\/h1>\n<p>[\/vc_column_text][\/vc_column][vc_column width=&#8220;3\/4&#8243; css=&#8220;.vc_custom_1444994210475{padding-bottom: 300px !important;}&#8220;][vc_column_text]<\/p>\n<p style=\"text-align: justify;\">Die Pastoralpsychologie pflegt den Kontakt zwischen Theologie, Sozial- und Humanwissenschaft in Theorie und Praxis. Die Pastoraltheologen Isidor Baumgartner und Michael Klessmann haben f\u00fcr die katholische und evangelische Theologie den Dialog zwischen Theologie und Psychologie in ihren Forschungsarbeiten\u00a0zusammengefasst, die pastoralpsychologischen Ans\u00e4tze und Handlungsfelder differenziert dargestellt. Sie zeigen auf, wie dieser Dialog schon im Ansatz der wechselseitig kritischen Korrelation bedarf.<\/p>\n<p style=\"text-align: justify;\">Die Psychologie \u00f6ffnet sich anthropologisch und theologisch f\u00fcr die Frage &#8222;Was ist der Mensch?&#8220;, f\u00fcr Sinnfragen, f\u00fcr philosophische Lebensdeutung und den Horizont der biblischen Erfahrung. Die Theologie \u00f6ffnet sich f\u00fcr human- und sozialwissenschaftliche Forschungsergebnisse und Methoden, setzt sich mit pathologischen Seiten der Religion auseinander,\u00a0l\u00f6st sich aus dogmatischer Erstarrung, und kommt zu elementarer Lebensn\u00e4he. So tut sich ein breites Spektrum von lebensf\u00f6rdernden Handlungsfeldern auf in Therapie und Beratung, psychosozialer Begleitung und menschennaher Seelsorge.<\/p>\n<p style=\"text-align: justify;\">In meiner beruflichen Praxis konzentriere ich mich auf die Felder Supervision und Coaching, Beratung von Einzelnen und Gruppen, Kommunikations- und K\u00f6rper-Trainings, klientenzentrierte Gespr\u00e4chsf\u00fchrung und Seelsorge. Tiefenpsychologische und psychodynamische Ans\u00e4tze, ressourcen- und l\u00f6sungsorientierte Methoden sowie k\u00f6rperbezogene, bildgebende Verfahren kommen in den unterschiedlichen Settings zur Anwendung.<\/p>\n<p style=\"text-align: justify;\">Der Theologe l\u00e4sst sich in Beratung und Seelsorge konkret herausfordern von menschlichen Erfahrungen, von Freude und Trauer, Hoffnung und Sehnsucht der Menschen von heute. Der Psychologe l\u00e4sst sich in Supervision und Coaching, Beratung und Workshops herausfordern von unabweisbarer Sinnsuche, von Philosophie, \u00a0spirituellen Erfahrungen, biblischer und menschheitlicher Weisheit. Als Pastoralpsychologe bin ich in diesem Spannungsfeld verortet.<\/p>\n<p style=\"text-align: justify;\">Seit 1995 bin ich Mitglied in der Deutschen Gesellschaft f\u00fcr Pastoralpsychologie, dem \u00f6kumenischen Fachverband f\u00fcr Seelsorge, Beratung und Supervision in Deutschland. In der Sektion Gruppe &#8211; Organisation &#8211; System bin ich als Supervisor und Berater zertifiziert. Die Qualit\u00e4t meiner Arbeit ist gew\u00e4hrleistet durch Kontrollsupervision und Weiterbildung in der <a href=\"http:\/\/www.pastoralpsychologie.de\" target=\"_blank\" rel=\"noopener\">DGfP<\/a>.<\/p>\n<p>[\/vc_column_text][\/vc_column][\/vc_row]<\/p>\n<\/section>","protected":false},"excerpt":{"rendered":"<p>[vc_row full_width=&#8220;stretch_row&#8220; parallax=&#8220;yes&#8220; el_class=&#8220;no-margin-top&#8220; css=&#8220;.vc_custom_1444994517565{padding-top: 250px !important;padding-bottom: 250px !important;background-image: url(http:\/\/www.freiraum-diepraxis.de\/cms\/wp-content\/uploads\/2015\/10\/willkommen-header.jpg?id=4274) !important;}&#8220;][vc_column][vc_column_text] [\/vc_column_text][\/vc_column][\/vc_row][vc_row css=&#8220;.vc_custom_1437743055736{margin-bottom: 0px !important;padding-top: 20px !important;padding-bottom: 20px !important;}&#8220;][vc_column width=&#8220;1\/4&#8243;][vc_column_text] Pastoral- psychologie [\/vc_column_text][\/vc_column][vc_column width=&#8220;3\/4&#8243; css=&#8220;.vc_custom_1444994210475{padding-bottom: 300px !important;}&#8220;][vc_column_text] Die Pastoralpsychologie pflegt den Kontakt zwischen Theologie, Sozial- und Humanwissenschaft in Theorie und Praxis. Die Pastoraltheologen Isidor Baumgartner und Michael Klessmann haben f\u00fcr die katholische und evangelische Theologie [&hellip;]<\/p>\n","protected":false},"author":1,"featured_media":0,"parent":0,"menu_order":0,"comment_status":"closed","ping_status":"closed","template":"","meta":[],"_links":{"self":[{"href":"https:\/\/www.freiraum-diepraxis.de\/cms\/wp-json\/wp\/v2\/pages\/4214"}],"collection":[{"href":"https:\/\/www.freiraum-diepraxis.de\/cms\/wp-json\/wp\/v2\/pages"}],"about":[{"href":"https:\/\/www.freiraum-diepraxis.de\/cms\/wp-json\/wp\/v2\/types\/page"}],"author":[{"embeddable":true,"href":"https:\/\/www.freiraum-diepraxis.de\/cms\/wp-json\/wp\/v2\/users\/1"}],"replies":[{"embeddable":true,"href":"https:\/\/www.freiraum-diepraxis.de\/cms\/wp-json\/wp\/v2\/comments?post=4214"}],"version-history":[{"count":15,"href":"https:\/\/www.freiraum-diepraxis.de\/cms\/wp-json\/wp\/v2\/pages\/4214\/revisions"}],"predecessor-version":[{"id":4414,"href":"https:\/\/www.freiraum-diepraxis.de\/cms\/wp-json\/wp\/v2\/pages\/4214\/revisions\/4414"}],"wp:attachment":[{"href":"https:\/\/www.freiraum-diepraxis.de\/cms\/wp-json\/wp\/v2\/media?parent=4214"}],"curies":[{"name":"wp","href":"https:\/\/api.w.org\/{rel}","templated":true}]}}