{"id":4205,"date":"2015-10-14T09:31:29","date_gmt":"2015-10-14T09:31:29","guid":{"rendered":"http:\/\/www.freiraum-diepraxis.de\/cms\/?page_id=4205"},"modified":"2018-12-18T11:01:19","modified_gmt":"2018-12-18T11:01:19","slug":"motivation","status":"publish","type":"page","link":"https:\/\/www.freiraum-diepraxis.de\/cms\/motivation\/","title":{"rendered":"Motivation"},"content":{"rendered":"<section class=\"wpb-content-wrapper\"><p>[vc_row full_width=&#8220;stretch_row&#8220; parallax=&#8220;yes&#8220; el_class=&#8220;no-margin-top&#8220; css=&#8220;.vc_custom_1444994671537{padding-top: 250px !important;padding-bottom: 250px !important;background-image: url(http:\/\/www.freiraum-diepraxis.de\/cms\/wp-content\/uploads\/2015\/10\/willkommen-header.jpg?id=4274) !important;}&#8220;][vc_column][vc_column_text]<\/p>\n<h1 style=\"text-align: center;\"><\/h1>\n<p>[\/vc_column_text][\/vc_column][\/vc_row][vc_row css=&#8220;.vc_custom_1437743055736{margin-bottom: 0px !important;padding-top: 20px !important;padding-bottom: 20px !important;}&#8220;][vc_column width=&#8220;1\/4&#8243;][vc_column_text]<\/p>\n<h1>Motivation<\/h1>\n<p>[\/vc_column_text][\/vc_column][vc_column width=&#8220;3\/4&#8243;][vc_column_text css=&#8220;.vc_custom_1445447776150{padding-bottom: 200px !important;}&#8220;]<\/p>\n<p style=\"text-align: justify;\">Ich glaube daran, dass Menschen ihre Kraft und Inspiration finden, wenn sie zu sich und f\u00fcr sich stehen k\u00f6nnen.<\/p>\n<p style=\"text-align: justify;\">Ich setze mich f\u00fcr die Entwicklung von Menschen ein;\u00a0f\u00fcr Sicherheit und Klarheit in Beziehungen, Rollen und Auftr\u00e4gen;\u00a0f\u00fcr Auseinandersetzung im Kontakt.<\/p>\n<p style=\"text-align: justify;\">Wichtig ist mir der Blick auf Haltung und Haltgebendes:\u00a0Was tr\u00e4gt, motiviert, bef\u00e4higt, erneuert Menschen und Institutionen?\u00a0Wie verbinden sich Menschen (wieder) mit ihrer Kraft?<\/p>\n<p style=\"text-align: justify;\">Ich berate Professionelle und Ehrenamtliche, Menschen, die mit Freude und Beseelung t\u00e4tig sein und leben m\u00f6chten, die gesunde, gewaltfreie Kommunikation ernst nehmen. Ich sch\u00e4tze die Kooperation mit Arbeitgebern, die sich um gesunde Arbeit und Freude am Beruf bem\u00fchen.<\/p>\n<p style=\"text-align: justify;\">[\/vc_column_text][\/vc_column][\/vc_row]<\/p>\n<\/section>","protected":false},"excerpt":{"rendered":"<p>[vc_row full_width=&#8220;stretch_row&#8220; parallax=&#8220;yes&#8220; el_class=&#8220;no-margin-top&#8220; css=&#8220;.vc_custom_1444994671537{padding-top: 250px !important;padding-bottom: 250px !important;background-image: url(http:\/\/www.freiraum-diepraxis.de\/cms\/wp-content\/uploads\/2015\/10\/willkommen-header.jpg?id=4274) !important;}&#8220;][vc_column][vc_column_text] [\/vc_column_text][\/vc_column][\/vc_row][vc_row css=&#8220;.vc_custom_1437743055736{margin-bottom: 0px !important;padding-top: 20px !important;padding-bottom: 20px !important;}&#8220;][vc_column width=&#8220;1\/4&#8243;][vc_column_text] Motivation [\/vc_column_text][\/vc_column][vc_column width=&#8220;3\/4&#8243;][vc_column_text css=&#8220;.vc_custom_1445447776150{padding-bottom: 200px !important;}&#8220;] Ich glaube daran, dass Menschen ihre Kraft und Inspiration finden, wenn sie zu sich und f\u00fcr sich stehen k\u00f6nnen. Ich setze mich f\u00fcr die Entwicklung von Menschen ein;\u00a0f\u00fcr Sicherheit [&hellip;]<\/p>\n","protected":false},"author":1,"featured_media":0,"parent":0,"menu_order":0,"comment_status":"closed","ping_status":"closed","template":"","meta":[],"_links":{"self":[{"href":"https:\/\/www.freiraum-diepraxis.de\/cms\/wp-json\/wp\/v2\/pages\/4205"}],"collection":[{"href":"https:\/\/www.freiraum-diepraxis.de\/cms\/wp-json\/wp\/v2\/pages"}],"about":[{"href":"https:\/\/www.freiraum-diepraxis.de\/cms\/wp-json\/wp\/v2\/types\/page"}],"author":[{"embeddable":true,"href":"https:\/\/www.freiraum-diepraxis.de\/cms\/wp-json\/wp\/v2\/users\/1"}],"replies":[{"embeddable":true,"href":"https:\/\/www.freiraum-diepraxis.de\/cms\/wp-json\/wp\/v2\/comments?post=4205"}],"version-history":[{"count":7,"href":"https:\/\/www.freiraum-diepraxis.de\/cms\/wp-json\/wp\/v2\/pages\/4205\/revisions"}],"predecessor-version":[{"id":4413,"href":"https:\/\/www.freiraum-diepraxis.de\/cms\/wp-json\/wp\/v2\/pages\/4205\/revisions\/4413"}],"wp:attachment":[{"href":"https:\/\/www.freiraum-diepraxis.de\/cms\/wp-json\/wp\/v2\/media?parent=4205"}],"curies":[{"name":"wp","href":"https:\/\/api.w.org\/{rel}","templated":true}]}}