{"id":4197,"date":"2015-10-14T09:19:54","date_gmt":"2015-10-14T09:19:54","guid":{"rendered":"http:\/\/www.freiraum-diepraxis.de\/cms\/?page_id=4197"},"modified":"2023-01-06T06:43:57","modified_gmt":"2023-01-06T06:43:57","slug":"biografie","status":"publish","type":"page","link":"https:\/\/www.freiraum-diepraxis.de\/cms\/biografie\/","title":{"rendered":"Biografie"},"content":{"rendered":"<section class=\"wpb-content-wrapper\"><p>[vc_row full_width=&#8220;stretch_row&#8220; parallax=&#8220;yes&#8220; el_class=&#8220;no-margin-top&#8220; css=&#8220;.vc_custom_1444994751652{padding-top: 250px !important;padding-bottom: 250px !important;background-image: url(http:\/\/www.freiraum-diepraxis.de\/cms\/wp-content\/uploads\/2015\/10\/willkommen-header.jpg?id=4274) !important;}&#8220;][vc_column][vc_column_text]<\/p>\n<h1 style=\"text-align: center;\"><\/h1>\n<p>[\/vc_column_text][\/vc_column][\/vc_row][vc_row css=&#8220;.vc_custom_1437743055736{margin-bottom: 0px !important;padding-top: 20px !important;padding-bottom: 20px !important;}&#8220;][vc_column width=&#8220;1\/4&#8243;][vc_column_text]<\/p>\n<h1>Biografie<\/h1>\n<p>[\/vc_column_text][\/vc_column][vc_column width=&#8220;3\/4&#8243;][vc_column_text]<\/p>\n<p style=\"text-align: justify;\"><strong>Meine Ausbildungen<\/strong> umfassen das Studium der Theologie und der Germanistik. In meiner Doktorarbeit habe ich das Konzept der Sprachschule des brasilianischen P\u00e4dagogen Paulo Freire, seine Analyse der &#8222;Kultur des Schweigens&#8220; als Impuls f\u00fcr eine befreiende Seelsorge hierzulande erarbeitet.\u00a0In meinen \u00a0pastoralpsychologischen Ausbildungen habe ich die Qualifikation erworben zum<\/p>\n<p style=\"text-align: justify;\">Supervisor <a href=\"http:\/\/www.pastoralpsychologie.de\" target=\"_blank\" rel=\"noopener\">DGfP<\/a><br \/>\nBerater <a href=\"http:\/\/www.pastoralpsychologie.de\" target=\"_blank\" rel=\"noopener\">DGfP<\/a><br \/>\nMediator <a href=\"http:\/\/www.mediate.de\" target=\"_blank\" rel=\"noopener\">Akademie Helene Simon\/Centrale f\u00fcr Mediation<\/a><br \/>\nTrauerberater <a href=\"http:\/\/www.trauer-erschliessen.de\" target=\"_blank\" rel=\"noopener\">Rutmarejke Smeding<\/a> und <a href=\"http:\/\/www.elisabeth-friedgen.de\/index.php\/schmoekern\/179-2013-03-25-12-39-18\" target=\"_blank\" rel=\"noopener\">Erhard Weiher<\/a><br \/>\nKonfliktcoach\/Aggressionsberater <a href=\"http:\/\/www.odenwaldinstitut.de\" target=\"_blank\" rel=\"noopener\">Odenwaldinstitut<\/a><br \/>\nFels-und-Wasser-Trainer <a href=\"http:\/\/www.8zaam.de\" target=\"_blank\" rel=\"noopener\">Gadaku-Institut<\/a><\/p>\n<p>[\/vc_column_text][\/vc_column][\/vc_row][vc_row css=&#8220;.vc_custom_1437743055736{margin-bottom: 0px !important;padding-top: 20px !important;padding-bottom: 20px !important;}&#8220;][vc_column width=&#8220;1\/4&#8243;][vc_column_text]<\/p>\n<h1><\/h1>\n<p>[\/vc_column_text][\/vc_column][vc_column width=&#8220;3\/4&#8243;][vc_column_text]<\/p>\n<p style=\"text-align: justify;\"><strong>Meine beruflichen Erfahrungen<\/strong> habe ich im Feld der Gemeinde und der Erwachsenenbildung gesammelt. Von 1992 an arbeitete ich im Institut f\u00fcr Diakonat und pastorale Dienste in M\u00fcnster als Referent in der pastoraltheologischen Ausbildung, in der Weiterbildung und Supervision hauptberuflicher Seelsorgerinnen und Seelsorger. Ab 1998 lag mein Schwerpunkt in der Krankenhaus- und Hospizseelsorge, in der Notfallseelsorge und der fachlichen und supervisorischen Weiterbildung in diesen Feldern der Pastoralpsychologie.<\/p>\n<p style=\"text-align: justify;\">2005 nahm ich meine Arbeit in der Leitung der Telefonseelsorge Recklinghausen auf. Im Mittelpunkt\u00a0meiner T\u00e4tigkeit\u00a0stand die Ausbildung \u00a0Ehrenamtlicher f\u00fcr die Beratung am Telefon und im Chat. \u00a0Die zentralen Themen der Ausbildung waren Selbsterfahrung im Feld einer Gruppe, Kommunikations- und Gespr\u00e4chstraining, die fachliche Auseinandersetzung mit Krisen, Suizidalit\u00e4t, Sucht, psychischen Erkrankungen und die Reflexion \u00a0der eigenen Rolle und Aufgabe in der Supervision. Die begleitende Arbeit mit Weiterbildungsgruppen umfasste Supervision, Trainings f\u00fcr die Beratung im Internet, fachliche Fortbildung \u00a0zum Umgang mit Angst und \u00c4ngsten, Burnout, Trauma, Altern und Aggression. In der AG Internet und im Bundesvorstand der Telefonseelsorge habe ich an der Entwicklung der fachlichen und technischen Konzepte f\u00fcr die Mail- und Chatberatung mitgearbeitet. Die Zusammenarbeit im regionalen psychosozialen Netzwerk beinhaltete die Arbeit mit der Gruppe &#8222;Trauer nach Suizid&#8220; im Gasthaus Recklinghausen, die Unterst\u00fctzung der AG Suizidpr\u00e4vention und die Mitarbeit im B\u00fcndnis gegen Depression in Recklinghausen.<\/p>\n<p style=\"text-align: justify;\">Seit 2014 nutze ich das Spektrum meiner Erfahrungen in freier Praxis als Supervisor, Berater und Seelsorger.<\/p>\n<p>[\/vc_column_text][\/vc_column][\/vc_row]<\/p>\n<\/section>","protected":false},"excerpt":{"rendered":"<p>[vc_row full_width=&#8220;stretch_row&#8220; parallax=&#8220;yes&#8220; el_class=&#8220;no-margin-top&#8220; css=&#8220;.vc_custom_1444994751652{padding-top: 250px !important;padding-bottom: 250px !important;background-image: url(http:\/\/www.freiraum-diepraxis.de\/cms\/wp-content\/uploads\/2015\/10\/willkommen-header.jpg?id=4274) !important;}&#8220;][vc_column][vc_column_text] [\/vc_column_text][\/vc_column][\/vc_row][vc_row css=&#8220;.vc_custom_1437743055736{margin-bottom: 0px !important;padding-top: 20px !important;padding-bottom: 20px !important;}&#8220;][vc_column width=&#8220;1\/4&#8243;][vc_column_text] Biografie [\/vc_column_text][\/vc_column][vc_column width=&#8220;3\/4&#8243;][vc_column_text] Meine Ausbildungen umfassen das Studium der Theologie und der Germanistik. In meiner Doktorarbeit habe ich das Konzept der Sprachschule des brasilianischen P\u00e4dagogen Paulo Freire, seine Analyse der &#8222;Kultur des Schweigens&#8220; als Impuls [&hellip;]<\/p>\n","protected":false},"author":1,"featured_media":0,"parent":0,"menu_order":0,"comment_status":"closed","ping_status":"closed","template":"","meta":[],"_links":{"self":[{"href":"https:\/\/www.freiraum-diepraxis.de\/cms\/wp-json\/wp\/v2\/pages\/4197"}],"collection":[{"href":"https:\/\/www.freiraum-diepraxis.de\/cms\/wp-json\/wp\/v2\/pages"}],"about":[{"href":"https:\/\/www.freiraum-diepraxis.de\/cms\/wp-json\/wp\/v2\/types\/page"}],"author":[{"embeddable":true,"href":"https:\/\/www.freiraum-diepraxis.de\/cms\/wp-json\/wp\/v2\/users\/1"}],"replies":[{"embeddable":true,"href":"https:\/\/www.freiraum-diepraxis.de\/cms\/wp-json\/wp\/v2\/comments?post=4197"}],"version-history":[{"count":21,"href":"https:\/\/www.freiraum-diepraxis.de\/cms\/wp-json\/wp\/v2\/pages\/4197\/revisions"}],"predecessor-version":[{"id":4560,"href":"https:\/\/www.freiraum-diepraxis.de\/cms\/wp-json\/wp\/v2\/pages\/4197\/revisions\/4560"}],"wp:attachment":[{"href":"https:\/\/www.freiraum-diepraxis.de\/cms\/wp-json\/wp\/v2\/media?parent=4197"}],"curies":[{"name":"wp","href":"https:\/\/api.w.org\/{rel}","templated":true}]}}