{"id":4115,"date":"2015-10-13T12:31:30","date_gmt":"2015-10-13T12:31:30","guid":{"rendered":"http:\/\/freiraum-diepraxis.de\/cms\/?page_id=4115"},"modified":"2018-12-18T11:00:50","modified_gmt":"2018-12-18T11:00:50","slug":"seelsorge","status":"publish","type":"page","link":"https:\/\/www.freiraum-diepraxis.de\/cms\/seelsorge\/","title":{"rendered":"Seelsorge"},"content":{"rendered":"<section class=\"wpb-content-wrapper\"><p>[vc_row full_width=&#8220;stretch_row&#8220; parallax=&#8220;yes&#8220; el_class=&#8220;no-margin-top&#8220; css=&#8220;.vc_custom_1445000554708{padding-top: 250px !important;padding-bottom: 250px !important;background-image: url(http:\/\/www.freiraum-diepraxis.de\/cms\/wp-content\/uploads\/2015\/10\/seelsorge-header.jpg?id=4302) !important;}&#8220;][vc_column][vc_column_text]<\/p>\n<h1 style=\"text-align: center;\"><\/h1>\n<p>[\/vc_column_text][\/vc_column][\/vc_row][vc_row css=&#8220;.vc_custom_1437743055736{margin-bottom: 0px !important;padding-top: 20px !important;padding-bottom: 20px !important;}&#8220;][vc_column width=&#8220;1\/4&#8243;][vc_column_text]<\/p>\n<h1>Seelsorge<\/h1>\n<p>[\/vc_column_text][\/vc_column][vc_column width=&#8220;3\/4&#8243;][vc_column_text]<\/p>\n<p style=\"text-align: justify;\">Seelsorge ist Sorge um die Seele, die Lebendigkeit, das Wohlergehen eines Menschen, spiritual care. Ich erschlie\u00dfe und unterst\u00fctze als professioneller Seelsorger, was einen Menschen \u00fcber sich hinausschreiten l\u00e4sst.<\/p>\n<p style=\"text-align: justify;\">Anl\u00e4sse f\u00fcr ein Gespr\u00e4ch mit einem freien, professionellen Seelsorger k\u00f6nnen sein:<\/p>\n<ul style=\"text-align: justify;\">\n<li>Sie haben Unab\u00e4nderliches erfahren, fragen nach dem Sinn.<\/li>\n<li>In einer belastenden Situation suchen Sie Rat und Hilfe.<\/li>\n<li>Sie m\u00f6chten auch in einer Krise Ihre Spiritualit\u00e4t als Ressource im Alltag nutzen.<\/li>\n<li>Sie suchen eine Kl\u00e4rung von Schuldgef\u00fchlen und pers\u00f6nlicher Schuld.<\/li>\n<li>Sie m\u00f6chten ein Ritual gestalten anl\u00e4sslich einer Heirat, einer Geburt.<\/li>\n<li>Sie suchen einen Trauerredner anl\u00e4\u00dflich einer Beerdigung.<\/li>\n<\/ul>\n<p style=\"text-align: justify;\">Als ausgebildeter Seelsorger begegne ich Ihnen mit Wertsch\u00e4tzung und Anteilnahme. Das Zuh\u00f6ren \u2013 das Fundament der Seelsorge &#8211; erschlie\u00dft einen Raum der Wertsch\u00e4tzung und lebensf\u00f6rderlicher Kraft.\u00a0Schon ein Gespr\u00e4ch mit mir in einer belastenden oder herausfordernden Lebenssituation hilft, inneren Abstand zu gewinnen oder eine erste Klarheit zu finden.<\/p>\n<p style=\"text-align: justify;\">Seelsorge verstehe ich als Freiraum, offen f\u00fcr alle und im weitesten Sinn \u00f6kumenisch, d.h. kirchenunabh\u00e4ngig, \u00fcberkonfessionell und interreligi\u00f6s. Dieser Ansatz wird darin konkret, dass Deutungen des Lebens aus pers\u00f6nlicher \u00dcberzeugung, aus der Weisheits\u00fcberlieferung der Menschheit, aus buddhistischer, islamischer, j\u00fcdisch-christlicher \u00dcberlieferung, aus Literatur, Philosophie, Atheismus und Theologie als Orientierungen ins Gespr\u00e4ch kommen k\u00f6nnen.\u00a0Als freier Seelsorger arbeite ich mit dem Konzept des aktiven Zuh\u00f6rens und beachte die k\u00f6rperliche, psychische, soziale und spirituelle Dimension menschlicher Erfahrungen. Ich bin authorisiert, Reiki-Behandlungen durchzuf\u00fchren, d.h. durch heilsame Ber\u00fchrungen und Gespr\u00e4che Menschen neue M\u00f6glichkeiten des Lebens im Alltag zu erschlie\u00dfen.\u00a0Im pers\u00f6nlichen Gespr\u00e4ch kl\u00e4re ich mit Ihnen, was mein konkretes Angebot ist:<\/p>\n<ul style=\"text-align: justify;\">\n<li>Seelsorgegespr\u00e4che<\/li>\n<li>Trauerbegleitung<\/li>\n<li>Lebensfeiern<\/li>\n<li>Reikibehandlungen<\/li>\n<\/ul>\n<p style=\"text-align: justify;\">Die fachliche Qualit\u00e4t meines seelsorglichen Handelns reflektiere ich in Supervision und Weiterbildung in der Deutschen Gesellschaft f\u00fcr Pastoralpsychologie (DGfP).\u00a0Kosten spreche ich individuell ab.<\/p>\n<p style=\"text-align: justify;\">[\/vc_column_text][\/vc_column][\/vc_row]<\/p>\n<\/section>","protected":false},"excerpt":{"rendered":"<p>[vc_row full_width=&#8220;stretch_row&#8220; parallax=&#8220;yes&#8220; el_class=&#8220;no-margin-top&#8220; css=&#8220;.vc_custom_1445000554708{padding-top: 250px !important;padding-bottom: 250px !important;background-image: url(http:\/\/www.freiraum-diepraxis.de\/cms\/wp-content\/uploads\/2015\/10\/seelsorge-header.jpg?id=4302) !important;}&#8220;][vc_column][vc_column_text] [\/vc_column_text][\/vc_column][\/vc_row][vc_row css=&#8220;.vc_custom_1437743055736{margin-bottom: 0px !important;padding-top: 20px !important;padding-bottom: 20px !important;}&#8220;][vc_column width=&#8220;1\/4&#8243;][vc_column_text] Seelsorge [\/vc_column_text][\/vc_column][vc_column width=&#8220;3\/4&#8243;][vc_column_text] Seelsorge ist Sorge um die Seele, die Lebendigkeit, das Wohlergehen eines Menschen, spiritual care. Ich erschlie\u00dfe und unterst\u00fctze als professioneller Seelsorger, was einen Menschen \u00fcber sich hinausschreiten l\u00e4sst. Anl\u00e4sse f\u00fcr ein Gespr\u00e4ch [&hellip;]<\/p>\n","protected":false},"author":1,"featured_media":0,"parent":0,"menu_order":0,"comment_status":"closed","ping_status":"closed","template":"","meta":[],"_links":{"self":[{"href":"https:\/\/www.freiraum-diepraxis.de\/cms\/wp-json\/wp\/v2\/pages\/4115"}],"collection":[{"href":"https:\/\/www.freiraum-diepraxis.de\/cms\/wp-json\/wp\/v2\/pages"}],"about":[{"href":"https:\/\/www.freiraum-diepraxis.de\/cms\/wp-json\/wp\/v2\/types\/page"}],"author":[{"embeddable":true,"href":"https:\/\/www.freiraum-diepraxis.de\/cms\/wp-json\/wp\/v2\/users\/1"}],"replies":[{"embeddable":true,"href":"https:\/\/www.freiraum-diepraxis.de\/cms\/wp-json\/wp\/v2\/comments?post=4115"}],"version-history":[{"count":9,"href":"https:\/\/www.freiraum-diepraxis.de\/cms\/wp-json\/wp\/v2\/pages\/4115\/revisions"}],"predecessor-version":[{"id":4416,"href":"https:\/\/www.freiraum-diepraxis.de\/cms\/wp-json\/wp\/v2\/pages\/4115\/revisions\/4416"}],"wp:attachment":[{"href":"https:\/\/www.freiraum-diepraxis.de\/cms\/wp-json\/wp\/v2\/media?parent=4115"}],"curies":[{"name":"wp","href":"https:\/\/api.w.org\/{rel}","templated":true}]}}