{"id":4112,"date":"2015-10-13T12:27:37","date_gmt":"2015-10-13T12:27:37","guid":{"rendered":"http:\/\/freiraum-diepraxis.de\/cms\/?page_id=4112"},"modified":"2023-01-04T16:34:59","modified_gmt":"2023-01-04T16:34:59","slug":"workshops","status":"publish","type":"page","link":"https:\/\/www.freiraum-diepraxis.de\/cms\/workshops\/","title":{"rendered":"Workshops"},"content":{"rendered":"<section class=\"wpb-content-wrapper\"><p>[vc_row full_width=&#8220;stretch_row&#8220; parallax=&#8220;yes&#8220; el_class=&#8220;no-margin-top&#8220; css=&#8220;.vc_custom_1444739247548{padding-top: 250px !important;padding-bottom: 250px !important;background-image: url(http:\/\/freiraum-diepraxis.de\/cms\/wp-content\/uploads\/2015\/10\/workshops.jpg?id=4113) !important;}&#8220;][vc_column][vc_column_text]<\/p>\n<h1 style=\"text-align: center;\"><\/h1>\n<p>[\/vc_column_text][\/vc_column][\/vc_row][vc_row css=&#8220;.vc_custom_1437743055736{margin-bottom: 0px !important;padding-top: 20px !important;padding-bottom: 20px !important;}&#8220;][vc_column width=&#8220;1\/4&#8243;][vc_column_text]<\/p>\n<h1>Workshops<\/h1>\n<p>[\/vc_column_text][\/vc_column][vc_column width=&#8220;3\/4&#8243;][vc_column_text]<\/p>\n<p style=\"font-weight: 400;\">Bei der Gestaltung von Ver\u00e4nderungsprozessen in Organisationen sind Workshops empfehlenswert, die thematisch und selbsterfahrungsorientiert ausgerichtet sind. Ziel dieses Angebotes ist es, im Prozess bedarfsorientiert einen Impuls zu setzen f\u00fcr Kl\u00e4rungsprozesse (Konfliktkommunikation), die Belebung von Leitbildthemen (Kooperation im Team) oder die Entwicklung von Haltung (Gesundheit) und Spiritualit\u00e4t (Gastfreundliches Handeln).<\/p>\n<p style=\"font-weight: 400;\"><strong>Konfliktkommunikation<\/strong><\/p>\n<p style=\"font-weight: 400;\">Konflikte belasten die Zusammenarbeit und behindern das Erreichen von Zielen. Zugleich markieren sie das Wachstumspotential eines Teams, einer Organisation. Im Workshop erarbeite ich mit den Beteiligten einen Freiraum f\u00fcr Kl\u00e4rungen. Grundlegend ist eine\u00a0 gemeinsame Konfliktbeschreibung, die Entwicklung von tragf\u00e4higen L\u00f6sungen, die die tiefer liegenden Interessen und Bed\u00fcrfnisse beachten. Methoden der Konfliktanalyse, Skizzen, fachliche Impulse, Aufstellungsarbeit und Rollenspiele helfen, eine konstruktive Feedback-Kultur zu f\u00f6rdern. In einem weiteren Workshop kann die Entwicklung des Konflikts reflektiert und das Ergebnis \u00fcberpr\u00fcft werden. Bei der Leitung eines Workshops nehme ich die Rolle eines \u00fcberparteilichen Vermittlers (Mediators) ein.<\/p>\n<p style=\"font-weight: 400;\"><strong>Kooperation im Team<\/strong><\/p>\n<p style=\"font-weight: 400;\">Teams durchlaufen verschiedene Phasen, bilden ein Gef\u00fcge von Rollen. Neue Personen, ver\u00e4nderte Ziele und Aufgaben fordern zu Flexibilit\u00e4t und Ver\u00e4nderung heraus. Im Workshop beleuchte ich mit den Teammitgliedern den Auftrag und das Rollengef\u00fcge, erarbeite ich die Ressourcen und Bew\u00e4ltigungsstrategien (den \u201eSchatz\u201c) des Teams. Die Teammitglieder reflektieren hinderliche und f\u00f6rderliche Kommunikationsrollen, entwickeln ihre Besprechungskultur (weniger Vorw\u00fcrfe und mehr Verbesserungsvorschl\u00e4ge), st\u00e4rken Team-Identit\u00e4t und Wertsch\u00e4tzung in ihrer Verschiedenheit. Zielf\u00fchrend sind hier Auftrags- und Rollenkl\u00e4rung, Ein\u00fcbung einer Feedback-Kultur, die Wahrnehmung biografisch gepr\u00e4gter Stile der Pers\u00f6nlichkeit als Ressource.<\/p>\n<p style=\"font-weight: 400;\"><strong>Gesundheit<\/strong><\/p>\n<p style=\"font-weight: 400;\">Mitarbeitende sind mit ihrer Lebens- und Arbeitskraft die wohl wichtigste Ressource einer Organisation. Der Workshop bietet einen Raum, die Work-Life-Balance, belastende Arbeitsfaktoren zu untersuchen und die Resilienz der Mitarbeitenden zu st\u00e4rken. F\u00fcr den, <a href=\"https:\/\/www.freiraum-diepraxis.de\/cms\/umgang-mit-aerger-und-aggression\/\"><u>Umgang mit \u00c4rger und Aggression<\/u><\/a> auf den Ebenen der Person, eines Teams und der Organisation, das Entwickeln von <a href=\"https:\/\/www.freiraum-diepraxis.de\/cms\/fels-und-wasser-qualitaeten\/\"><u>Fels- und Wasser-Qualit\u00e4ten<\/u><\/a> in der Kommunikation biete ich f\u00f6rderliche \u00dcbungen und Reflexion an. Zielf\u00fchrend sind hier das Training von Handlungsm\u00f6glichkeiten der Einzelnen und die Gestaltung von R\u00fcckkoppelungswegen zum Team bzw. zu F\u00fchrungskr\u00e4ften. Bei der Leitung dieses Workshops kann ich die Rolle des Trainers und Vermittlers einnehmen.<\/p>\n<p style=\"font-weight: 400;\"><strong>Spiritualit\u00e4t<\/strong><\/p>\n<p style=\"font-weight: 400;\">\u201eSpiritualit\u00e4t\u201c verstehe ich pastoralpsychologisch als Ressource, ist im fachlichen Diskurs ein Containerbegriff mit einem Spektrum von Bedeutungen. Im Workshop spiegelt sich dies in unterschiedlichen Frageperspektiven, die ins Gespr\u00e4ch kommen k\u00f6nnen:<\/p>\n<ul>\n<li>Mit welcher Haltung und Motivation bewege ich mich in Arbeitssituationen? Was und wer gibt mir Halt? Was stiftet Sinn im beruflichen Handeln?<\/li>\n<li>Welche Haltung und Spiritualit\u00e4t soll und darf ich nach dem Leitbild der Organisation einnehmen? Welche Fragen tun sich da f\u00fcr mich auf?<\/li>\n<li>Wie kann ich Haltung und Spiritualit\u00e4t der <a href=\"https:\/\/www.freiraum-diepraxis.de\/cms\/gastfreundschaft\/\"><u>Gastfreundschaft<\/u><\/a> f\u00fcr meine Orientierung im beruflichen Handeln nutzen?<\/li>\n<\/ul>\n<p style=\"font-weight: 400;\">Im Workshop \u00f6ffne ich den Raum f\u00fcr den Blick auf die erlebte spirituelle Dimension im beruflichen Handeln, und ich beziehe das gew\u00fcnschte und gelebte Profil f\u00fcr den Auftrag zur ganzheitlichen Sorge einer Einrichtung ins Gespr\u00e4ch ein. Mit dem Bild der Gastfreundschaft biete ich Teilnehmenden und Organisationen ein Handlungsmodell an, das kulturell interreligi\u00f6s ansetzt und ein christliches Profil zur Verf\u00fcgung stellt. Existentielle, religi\u00f6se und biblische Impulse helfen Mitarbeitenden und Organisationen, ihre Haltung und Spiritualit\u00e4t lebenspraktisch zu buchstabieren und zu profilieren, als Ressource ins Spiel zu bringen.<\/p>\n<p>[\/vc_column_text][\/vc_column][\/vc_row]<\/p>\n<\/section>","protected":false},"excerpt":{"rendered":"<p>[vc_row full_width=&#8220;stretch_row&#8220; parallax=&#8220;yes&#8220; el_class=&#8220;no-margin-top&#8220; css=&#8220;.vc_custom_1444739247548{padding-top: 250px !important;padding-bottom: 250px !important;background-image: url(http:\/\/freiraum-diepraxis.de\/cms\/wp-content\/uploads\/2015\/10\/workshops.jpg?id=4113) !important;}&#8220;][vc_column][vc_column_text] [\/vc_column_text][\/vc_column][\/vc_row][vc_row css=&#8220;.vc_custom_1437743055736{margin-bottom: 0px !important;padding-top: 20px !important;padding-bottom: 20px !important;}&#8220;][vc_column width=&#8220;1\/4&#8243;][vc_column_text] Workshops [\/vc_column_text][\/vc_column][vc_column width=&#8220;3\/4&#8243;][vc_column_text] Bei der Gestaltung von Ver\u00e4nderungsprozessen in Organisationen sind Workshops empfehlenswert, die thematisch und selbsterfahrungsorientiert ausgerichtet sind. Ziel dieses Angebotes ist es, im Prozess bedarfsorientiert einen Impuls zu setzen f\u00fcr Kl\u00e4rungsprozesse (Konfliktkommunikation), die [&hellip;]<\/p>\n","protected":false},"author":1,"featured_media":0,"parent":0,"menu_order":0,"comment_status":"closed","ping_status":"closed","template":"","meta":[],"_links":{"self":[{"href":"https:\/\/www.freiraum-diepraxis.de\/cms\/wp-json\/wp\/v2\/pages\/4112"}],"collection":[{"href":"https:\/\/www.freiraum-diepraxis.de\/cms\/wp-json\/wp\/v2\/pages"}],"about":[{"href":"https:\/\/www.freiraum-diepraxis.de\/cms\/wp-json\/wp\/v2\/types\/page"}],"author":[{"embeddable":true,"href":"https:\/\/www.freiraum-diepraxis.de\/cms\/wp-json\/wp\/v2\/users\/1"}],"replies":[{"embeddable":true,"href":"https:\/\/www.freiraum-diepraxis.de\/cms\/wp-json\/wp\/v2\/comments?post=4112"}],"version-history":[{"count":13,"href":"https:\/\/www.freiraum-diepraxis.de\/cms\/wp-json\/wp\/v2\/pages\/4112\/revisions"}],"predecessor-version":[{"id":4545,"href":"https:\/\/www.freiraum-diepraxis.de\/cms\/wp-json\/wp\/v2\/pages\/4112\/revisions\/4545"}],"wp:attachment":[{"href":"https:\/\/www.freiraum-diepraxis.de\/cms\/wp-json\/wp\/v2\/media?parent=4112"}],"curies":[{"name":"wp","href":"https:\/\/api.w.org\/{rel}","templated":true}]}}