{"id":4109,"date":"2015-10-13T12:24:03","date_gmt":"2015-10-13T12:24:03","guid":{"rendered":"http:\/\/freiraum-diepraxis.de\/cms\/?page_id=4109"},"modified":"2020-01-20T17:27:56","modified_gmt":"2020-01-20T17:27:56","slug":"beratung","status":"publish","type":"page","link":"https:\/\/www.freiraum-diepraxis.de\/cms\/beratung\/","title":{"rendered":"Beratung"},"content":{"rendered":"<section class=\"wpb-content-wrapper\"><p>[vc_row full_width=&#8220;stretch_row&#8220; parallax=&#8220;yes&#8220; el_class=&#8220;no-margin-top&#8220; css=&#8220;.vc_custom_1445000070587{padding-top: 250px !important;padding-bottom: 250px !important;background-image: url(http:\/\/www.freiraum-diepraxis.de\/cms\/wp-content\/uploads\/2015\/10\/beratung-header.jpg?id=4298) !important;}&#8220;][vc_column][vc_column_text]<\/p>\n<h1 style=\"text-align: center;\"><\/h1>\n<p>[\/vc_column_text][\/vc_column][\/vc_row][vc_row css=&#8220;.vc_custom_1437743055736{margin-bottom: 0px !important;padding-top: 20px !important;padding-bottom: 20px !important;}&#8220;][vc_column width=&#8220;1\/4&#8243;][vc_column_text]<\/p>\n<h1>Beratung<\/h1>\n<p>[\/vc_column_text][\/vc_column][vc_column width=&#8220;3\/4&#8243;][vc_column_text]<\/p>\n<p style=\"text-align: justify;\">Beratung nimmt Ihre pers\u00f6nlichen Entwicklung in den Blick. Sowohl Ihre W\u00fcnsche als auch belastende Lebenssituationen k\u00f6nnen Sie nutzen, um als Person zu wachsen.<\/p>\n<p style=\"text-align: justify;\">Anl\u00e4sse, eine Beratung zu suchen sind vielf\u00e4ltig:<\/p>\n<ul style=\"text-align: justify;\">\n<li>der Wunsch nach pers\u00f6nlicher Entwicklung und Entfaltung<\/li>\n<li>Stress und Konflikte<\/li>\n<li>Ersch\u00f6pfung und \u00c4ngste<\/li>\n<li>Verluste und Krisen<\/li>\n<li>eine festgefahrene Lebenssituation<\/li>\n<li>der Wunsch, etwas Neues im Alltag zu realisieren<\/li>\n<li>Informationen zu psychischen Krisen und Erkrankungen, die auf Ihren Bedarf zugeschnitten sind<\/li>\n<\/ul>\n<p style=\"text-align: justify;\">Als Berater unterst\u00fctze ich Sie in Ihrer pers\u00f6nlichen Entwicklung. Ich h\u00f6re Ihnen zu und bin Ihnen ein unabh\u00e4ngiges Gegen\u00fcber. Sie k\u00f6nnen pers\u00f6nliche Anliegen besprechen und L\u00f6sungen finden. Ich biete Ihnen Methoden an, von sich sprechen zu lernen, sich wahr zu nehmen und eigene L\u00f6sungen zu entwickeln.<\/p>\n<p style=\"text-align: justify;\">Mein Beratungsangebot\u00a0 umfasst Arbeit mit Gruppen, Paaren \/ Familien und Einzelnen. Die Kosten spreche ich individuell ab.<\/p>\n<h3 style=\"text-align: justify;\">Lebensberatung<\/h3>\n<ul style=\"text-align: justify;\">\n<li>Sie finden einen Raum, Ihr aktuelles Lebensthema auszusprechen<\/li>\n<li>Sie finden Entlastung und neue Perspektiven in Krisensituationen<\/li>\n<li>Sie m\u00f6chten sich selbst verstehen in Ihren Motiven und Impulsen<\/li>\n<li>Sie wollen f\u00fcr sich selbst gut sorgen<\/li>\n<\/ul>\n<p style=\"text-align: justify;\">Als Lebensberater nutze ich die personenzentrierte Gespr\u00e4chsf\u00fchrung und biete kreative, bildgebende Verfahren an, die das Sprechen erleichtern, die Selbstwahrnehmung erweitern und die Lebensenergie aktivieren. Bei Bedarf weise ich Wege in die Therapie oder biete konkret ein Ziel\u2013und\u2013Weg\u2013Coaching an. Ich unterst\u00fctze Sie auch in der Wartezeit vor einer Therapie und in suizidalen Krisen.<\/p>\n<h3 style=\"text-align: justify;\">Mediation<\/h3>\n<ul style=\"text-align: justify;\">\n<li>f\u00fcr Paare in Konflikt- und Trennungsituationen<\/li>\n<li>Familien mit Generationskonflikten<\/li>\n<li>Teams mit Ziel- und Interessenskonflikten<\/li>\n<\/ul>\n<p style=\"text-align: justify;\">Als Mediator arbeite ich \u00fcberparteilich und entwickle mit Ihnen faire Konfliktl\u00f6sungen, in denen die Interessen aller Beteiligten beachtet sind.<\/p>\n<h3 style=\"text-align: justify;\">Aggressionsberatung<\/h3>\n<ul style=\"text-align: justify;\">\n<li>Sie suchen einen neuen Weg zum Umgang mit Stress oder Ersch\u00f6pfung<\/li>\n<li>sind beruflich oder privat besch\u00e4ftigt mit der Frage \u201cWohin mit der Wut?\u201d<\/li>\n<li>m\u00f6chten konstruktiv umgehen mit \u00c4rger und Wut in Ihnen und bei anderen Menschen<\/li>\n<\/ul>\n<p style=\"text-align: justify;\">Als Aggressionsberater unterst\u00fctze ich Sie dabei, Stress und \u00c4rger als Signale wahrzunehmen, Lebensenergie und Lebenslust zu entwickeln und einen nicht verletzenden Umgang mit Aggressionen zu finden.<\/p>\n<p style=\"text-align: justify;\"><strong>\u00a0<\/strong><\/p>\n<p>[\/vc_column_text][\/vc_column][\/vc_row]<\/p>\n<\/section>","protected":false},"excerpt":{"rendered":"<p>[vc_row full_width=&#8220;stretch_row&#8220; parallax=&#8220;yes&#8220; el_class=&#8220;no-margin-top&#8220; css=&#8220;.vc_custom_1445000070587{padding-top: 250px !important;padding-bottom: 250px !important;background-image: url(http:\/\/www.freiraum-diepraxis.de\/cms\/wp-content\/uploads\/2015\/10\/beratung-header.jpg?id=4298) !important;}&#8220;][vc_column][vc_column_text] [\/vc_column_text][\/vc_column][\/vc_row][vc_row css=&#8220;.vc_custom_1437743055736{margin-bottom: 0px !important;padding-top: 20px !important;padding-bottom: 20px !important;}&#8220;][vc_column width=&#8220;1\/4&#8243;][vc_column_text] Beratung [\/vc_column_text][\/vc_column][vc_column width=&#8220;3\/4&#8243;][vc_column_text] Beratung nimmt Ihre pers\u00f6nlichen Entwicklung in den Blick. Sowohl Ihre W\u00fcnsche als auch belastende Lebenssituationen k\u00f6nnen Sie nutzen, um als Person zu wachsen. Anl\u00e4sse, eine Beratung zu suchen sind vielf\u00e4ltig: der Wunsch [&hellip;]<\/p>\n","protected":false},"author":1,"featured_media":0,"parent":0,"menu_order":0,"comment_status":"closed","ping_status":"closed","template":"","meta":[],"_links":{"self":[{"href":"https:\/\/www.freiraum-diepraxis.de\/cms\/wp-json\/wp\/v2\/pages\/4109"}],"collection":[{"href":"https:\/\/www.freiraum-diepraxis.de\/cms\/wp-json\/wp\/v2\/pages"}],"about":[{"href":"https:\/\/www.freiraum-diepraxis.de\/cms\/wp-json\/wp\/v2\/types\/page"}],"author":[{"embeddable":true,"href":"https:\/\/www.freiraum-diepraxis.de\/cms\/wp-json\/wp\/v2\/users\/1"}],"replies":[{"embeddable":true,"href":"https:\/\/www.freiraum-diepraxis.de\/cms\/wp-json\/wp\/v2\/comments?post=4109"}],"version-history":[{"count":13,"href":"https:\/\/www.freiraum-diepraxis.de\/cms\/wp-json\/wp\/v2\/pages\/4109\/revisions"}],"predecessor-version":[{"id":4466,"href":"https:\/\/www.freiraum-diepraxis.de\/cms\/wp-json\/wp\/v2\/pages\/4109\/revisions\/4466"}],"wp:attachment":[{"href":"https:\/\/www.freiraum-diepraxis.de\/cms\/wp-json\/wp\/v2\/media?parent=4109"}],"curies":[{"name":"wp","href":"https:\/\/api.w.org\/{rel}","templated":true}]}}