{"id":4094,"date":"2015-10-13T11:33:34","date_gmt":"2015-10-13T11:33:34","guid":{"rendered":"http:\/\/freiraum-diepraxis.de\/cms\/?page_id=4094"},"modified":"2023-01-06T06:45:34","modified_gmt":"2023-01-06T06:45:34","slug":"supervision","status":"publish","type":"page","link":"https:\/\/www.freiraum-diepraxis.de\/cms\/supervision\/","title":{"rendered":"Supervision"},"content":{"rendered":"<section class=\"wpb-content-wrapper\"><p>[vc_row full_width=&#8220;stretch_row&#8220; parallax=&#8220;yes&#8220; el_class=&#8220;no-margin-top&#8220; css=&#8220;.vc_custom_1444998705717{padding-top: 250px !important;padding-bottom: 250px !important;background-image: url(http:\/\/www.freiraum-diepraxis.de\/cms\/wp-content\/uploads\/2015\/10\/supervision-header.jpg?id=4289) !important;}&#8220;][vc_column][vc_column_text]<\/p>\n<h1 style=\"text-align: center;\"><\/h1>\n<p>[\/vc_column_text][\/vc_column][\/vc_row][vc_row css=&#8220;.vc_custom_1437743055736{margin-bottom: 0px !important;padding-top: 20px !important;padding-bottom: 20px !important;}&#8220;][vc_column width=&#8220;1\/4&#8243;][vc_column_text]<\/p>\n<h1>Supervision<\/h1>\n<p>[\/vc_column_text][\/vc_column][vc_column width=&#8220;3\/4&#8243;][vc_column_text]<\/p>\n<p style=\"text-align: justify;\">bietet Ihnen einen Blick auf die Landschaft Ihres beruflichen oder ehrenamtlichen Handelns. Es gibt konkrete Anl\u00e4sse, die im Vordergund stehen und nach gehbaren Wegen verlangen, Prozesse oder Geschichte(n) im Hintergrund und Bilder, Visionen, Zielperspektiven als Horizont.<\/p>\n<p style=\"text-align: justify;\">Als Supervisor arbeite ich mit Ihnen im Spannungsfeld von Institution, Rolle und Aufgabe und Person. Es geht mir in der Supervision um Verstehen und Aufkl\u00e4ren, um Benennen, Erkennen und neu Handeln.\u00a0Ich unterst\u00fctze Sie in Ihrem beruflichen oder ehrenamtlichen Handeln in Einzelsupervision, in Gruppen- oder Teamsupervision:<\/p>\n<ul style=\"text-align: justify;\">\n<li>Arbeitssituationen, Gespr\u00e4chsszenen, die Sie noch besch\u00e4ftigen, wollen Sie verstehen, kl\u00e4ren und f\u00fcr eigenes Wachsen nutzen.<\/li>\n<\/ul>\n<ul style=\"text-align: justify;\">\n<li>Ver\u00e4nderungen oder Irritationen in Ihrem Beruf fordern Sie heraus, Entwicklungsprozesse zu reflektieren, sich zu positionieren und Steuerungsimpulse zu geben.<\/li>\n<\/ul>\n<ul style=\"text-align: justify;\">\n<li>Im Umgang mit schwierigen Personen, Gruppen oder Teams m\u00f6chten Sie sich Klarheit und Orientierung erarbeiten.<\/li>\n<\/ul>\n<p style=\"text-align: justify;\">Ich verbinde tiefenpsycholgische, psychodynamische und systemisch &#8211; l\u00f6sungsorientierte Methoden. Ich nutze kreative, bildgebende und k\u00f6rperbezogene Verfahren, arbeite im Face-to-Face-Kontakt und berate online per Mail- und Videokommunikation (blended supervision).<\/p>\n<p style=\"text-align: justify;\">Kosten spreche ich individuell ab.<\/p>\n<p>[\/vc_column_text][\/vc_column][\/vc_row]<\/p>\n<\/section>","protected":false},"excerpt":{"rendered":"<p>[vc_row full_width=&#8220;stretch_row&#8220; parallax=&#8220;yes&#8220; el_class=&#8220;no-margin-top&#8220; css=&#8220;.vc_custom_1444998705717{padding-top: 250px !important;padding-bottom: 250px !important;background-image: url(http:\/\/www.freiraum-diepraxis.de\/cms\/wp-content\/uploads\/2015\/10\/supervision-header.jpg?id=4289) !important;}&#8220;][vc_column][vc_column_text] [\/vc_column_text][\/vc_column][\/vc_row][vc_row css=&#8220;.vc_custom_1437743055736{margin-bottom: 0px !important;padding-top: 20px !important;padding-bottom: 20px !important;}&#8220;][vc_column width=&#8220;1\/4&#8243;][vc_column_text] Supervision [\/vc_column_text][\/vc_column][vc_column width=&#8220;3\/4&#8243;][vc_column_text] bietet Ihnen einen Blick auf die Landschaft Ihres beruflichen oder ehrenamtlichen Handelns. Es gibt konkrete Anl\u00e4sse, die im Vordergund stehen und nach gehbaren Wegen verlangen, Prozesse oder Geschichte(n) im Hintergrund und Bilder, [&hellip;]<\/p>\n","protected":false},"author":1,"featured_media":0,"parent":0,"menu_order":0,"comment_status":"closed","ping_status":"closed","template":"","meta":[],"_links":{"self":[{"href":"https:\/\/www.freiraum-diepraxis.de\/cms\/wp-json\/wp\/v2\/pages\/4094"}],"collection":[{"href":"https:\/\/www.freiraum-diepraxis.de\/cms\/wp-json\/wp\/v2\/pages"}],"about":[{"href":"https:\/\/www.freiraum-diepraxis.de\/cms\/wp-json\/wp\/v2\/types\/page"}],"author":[{"embeddable":true,"href":"https:\/\/www.freiraum-diepraxis.de\/cms\/wp-json\/wp\/v2\/users\/1"}],"replies":[{"embeddable":true,"href":"https:\/\/www.freiraum-diepraxis.de\/cms\/wp-json\/wp\/v2\/comments?post=4094"}],"version-history":[{"count":13,"href":"https:\/\/www.freiraum-diepraxis.de\/cms\/wp-json\/wp\/v2\/pages\/4094\/revisions"}],"predecessor-version":[{"id":4561,"href":"https:\/\/www.freiraum-diepraxis.de\/cms\/wp-json\/wp\/v2\/pages\/4094\/revisions\/4561"}],"wp:attachment":[{"href":"https:\/\/www.freiraum-diepraxis.de\/cms\/wp-json\/wp\/v2\/media?parent=4094"}],"curies":[{"name":"wp","href":"https:\/\/api.w.org\/{rel}","templated":true}]}}