{"id":4092,"date":"2015-10-13T11:30:32","date_gmt":"2015-10-13T11:30:32","guid":{"rendered":"http:\/\/freiraum-diepraxis.de\/cms\/?page_id=4092"},"modified":"2023-01-06T06:42:40","modified_gmt":"2023-01-06T06:42:40","slug":"willkommen","status":"publish","type":"page","link":"https:\/\/www.freiraum-diepraxis.de\/cms\/","title":{"rendered":"Willkommen"},"content":{"rendered":"<section class=\"wpb-content-wrapper\"><p>[vc_row][vc_column][vc_column_text]<\/p>\r\n<div class=\"is-layout-flex wp-container-2 wp-block-columns\" style=\"padding: 0;\">\r\n<div class=\"is-layout-flow wp-block-column\" style=\"flex-basis: 100%;\">\r\n<p>[\/vc_column_text][\/vc_column][\/vc_row][vc_row full_height_row=&#8220;enable&#8220; custom_background=&#8220;&#8220; row_height=&#8220;custom&#8220; css=&#8220;.vc_custom_1444733021671{margin-bottom: 0px !important;}&#8220;][vc_column][rev_slider_vc alias=&#8220;willkommen&#8220;][\/vc_column][\/vc_row][vc_row css=&#8220;.vc_custom_1444810913937{padding-top: 50px !important;}&#8220;][vc_column width=&#8220;1\/4&#8243;][vc_column_text]<\/p>\r\n<h1>Willkommen<\/h1>\r\n<p>[\/vc_column_text][\/vc_column][vc_column width=&#8220;3\/4&#8243;][vc_column_text]<\/p>\r\n<p style=\"text-align: justify;\">In meiner Praxis finden Sie einen Freiraum f\u00fcr Entwicklung.\u00a0W\u00e4hlen Sie einen anderen Ort, lassen Sie sich auf Entschleunigung ein, finden Sie ungewohnte Blickwinkel, entwickeln Sie neue, kreative L\u00f6sungen\u00a0 in Ihrem Beruf, in Konflikten und pers\u00f6nlichen Herausforderungen.<\/p>\r\n<p style=\"text-align: justify;\">Hier finden finden Sie einen \u00dcberblick zu den Schwerpunkten meiner Arbeit. Sie k\u00f6nnen gezielt suchen, klicken Sie einzelne Stichw\u00f6rter an, finden Sie schnell weitere Informationen.\u00a0Sie k\u00f6nnen verweilen und schauen, welche \u00a0Anregungen Sie finden.<\/p>\r\n<p style=\"text-align: justify;\">Dr. Werner Greulich<br \/>Pastoralpsychologe DGfP, Online-Berater DGOB<\/p>\r\n<p style=\"text-align: justify;\">Als <a href=\"http:\/\/www.freiraum-diepraxis.de\/cms\/pastoralpsychologie\/\">Pastoralpsychologe<\/a> bin ich im Dialog zwischen Theologie, Sozial- und Humanwissenshaften verortet. In verschiedenen Settings unterst\u00fctze ich Sie sowohl im pers\u00f6nlichen Kontakt als auch in der <a href=\"http:\/\/www.freiraum-diepraxis.de\/cms\/online-beratung\/\">Online-Beratung<\/a>.<\/p>\r\n<p>[\/vc_column_text][vc_column_text css=&#8220;.vc_custom_1672987352576{padding-top: 20px !important;}&#8220;]<\/p>\r\n<p style=\"text-align: justify;\">Die Online-Beratung wird durch die <a href=\"http:\/\/www.dg-onlineberatung.de\" target=\"_blank\" rel=\"noopener\">Deutschsprachige Gesellschaft f\u00fcr psychosoziale Onlineberatung<\/a>\u00a0 gef\u00f6rdert und qualifiziert. Wenn Sie das Kontaktformular nutzen, erhalten Sie von mir die Zugangsdaten f\u00fcr die Mail- und Videoberatung.<\/p>\r\n<p>[\/vc_column_text][\/vc_column][\/vc_row][vc_row][vc_column][vc_column_text]<\/p>\r\n<p><\/p>\r\n<\/div>\r\n<p><\/p>\r\n<\/div>\r\n<p>[\/vc_column_text][\/vc_column][\/vc_row]<\/p><\/section>","protected":false},"excerpt":{"rendered":"<p>[vc_row][vc_column][vc_column_text][\/vc_column_text][\/vc_column][\/vc_row][vc_row full_height_row=&#8220;enable&#8220; custom_background=&#8220;&#8220; row_height=&#8220;custom&#8220; css=&#8220;.vc_custom_1444733021671{margin-bottom: 0px !important;}&#8220;][vc_column][rev_slider_vc alias=&#8220;willkommen&#8220;][\/vc_column][\/vc_row][vc_row css=&#8220;.vc_custom_1444810913937{padding-top: 50px !important;}&#8220;][vc_column width=&#8220;1\/4&#8243;][vc_column_text] Willkommen [\/vc_column_text][\/vc_column][vc_column width=&#8220;3\/4&#8243;][vc_column_text] In meiner Praxis finden Sie einen Freiraum f\u00fcr Entwicklung.\u00a0W\u00e4hlen Sie einen anderen Ort, lassen Sie sich auf Entschleunigung ein, finden Sie ungewohnte Blickwinkel, entwickeln Sie neue, kreative L\u00f6sungen\u00a0 in Ihrem Beruf, in Konflikten und pers\u00f6nlichen Herausforderungen. Hier finden finden Sie [&hellip;]<\/p>\n","protected":false},"author":1,"featured_media":0,"parent":0,"menu_order":0,"comment_status":"closed","ping_status":"closed","template":"","meta":[],"_links":{"self":[{"href":"https:\/\/www.freiraum-diepraxis.de\/cms\/wp-json\/wp\/v2\/pages\/4092"}],"collection":[{"href":"https:\/\/www.freiraum-diepraxis.de\/cms\/wp-json\/wp\/v2\/pages"}],"about":[{"href":"https:\/\/www.freiraum-diepraxis.de\/cms\/wp-json\/wp\/v2\/types\/page"}],"author":[{"embeddable":true,"href":"https:\/\/www.freiraum-diepraxis.de\/cms\/wp-json\/wp\/v2\/users\/1"}],"replies":[{"embeddable":true,"href":"https:\/\/www.freiraum-diepraxis.de\/cms\/wp-json\/wp\/v2\/comments?post=4092"}],"version-history":[{"count":15,"href":"https:\/\/www.freiraum-diepraxis.de\/cms\/wp-json\/wp\/v2\/pages\/4092\/revisions"}],"predecessor-version":[{"id":4559,"href":"https:\/\/www.freiraum-diepraxis.de\/cms\/wp-json\/wp\/v2\/pages\/4092\/revisions\/4559"}],"wp:attachment":[{"href":"https:\/\/www.freiraum-diepraxis.de\/cms\/wp-json\/wp\/v2\/media?parent=4092"}],"curies":[{"name":"wp","href":"https:\/\/api.w.org\/{rel}","templated":true}]}}